{"id":3598,"date":"2026-02-02T06:08:22","date_gmt":"2026-02-02T06:08:22","guid":{"rendered":"https:\/\/www.glasfaser-internet.info\/fiber-news\/?page_id=3598"},"modified":"2026-05-04T12:33:34","modified_gmt":"2026-05-04T12:33:34","slug":"magentazuhause-l-per-glasfaser","status":"publish","type":"page","link":"https:\/\/www.glasfaser-internet.info\/fiber-news\/magentazuhause-l-per-glasfaser","title":{"rendered":"MagentaZuhause L per (V)DSL"},"content":{"rendered":"<h2>Breitband von der Telekom mit 100 MBit\/s<\/h2>\n<p>&nbsp;<\/p>\n<p><img decoding=\"async\" src=\"https:\/\/www.glasfaser-internet.info\/fiber-news\/wp-content\/uploads\/2022\/02\/glasfaser-telekom.webp\" alt=\"Glasfaser von der Telekom\" class=\"fullwidth\" fetchpriority=\"high\"><\/p>\n<p>&nbsp;<\/p>\n<p>Sofern regional von der Deutschen Telekom bereits Glasfaserleitungen bis zum Verteiler (FTTC) ausgebaut wurden, k\u00f6nnen die Internettarife auch als <a href=\"https:\/\/www.glasfaser-internet.info\/alternativen\/vdsl.html\" data-internallinksmanager029f6b8e52c=\"11\" title=\"alles \u00fcber VDSL-Anschl\u00fcsse erfahren\">VDSL<\/a>-Variante mit 50, 100 oder 250 MBit bestellt werden. Das gilt auch f\u00fcr das preiswerte Einstiegs-Komplettpaket \u201eMagentaZuhause L\u201c mit 100 MBit\/s. Wichtig ist hier, dass zudem die <a href=\"https:\/\/www.glasfaser-internet.info\/technik\/vdsl-vectoring.html\">Vectoringtechnik<\/a> am Verteilerkasten installiert wurde. Nur dann sind bis zu 100 MBit \u00fcber VDSL m\u00f6glich.<\/p>\n<p>&nbsp;<\/p>\n<p>MagentaZuhause L enth\u00e4lt zun\u00e4chst die regul\u00e4re Surfflatrate mit 100 MBit\/s \u00dcbertragungsrate beim Download. Beim Hochladen, z.B. in die Cloud, sind es 40 MBit\/s. Mit inklusive ist eine Telefonflat f\u00fcr s\u00e4mtliche Gespr\u00e4che zum dt. Festnetz in HD-Voice Qualit\u00e4t.<br \/>\n<!--more--><\/p>\n<h3>F\u00fcr wen eignet sich der Tarif?<\/h3>\n<p>MagentaZuhause L ist ideal f\u00fcr alle mit gehobenen Anspr\u00fcchen an den Breitbandzugang.  Die Leistung von 100 MBit\/s gen\u00fcgt s\u00e4mtlich erdenklichen Alltagsaufgaben. Auch Streaming in h\u00f6chster UltraHD-Qualit\u00e4t ist kein Thema, selbst bei 2-3 Endger\u00e4ten gleichzeitig! Noch mehr Leistung bieten wahlweise die <a href=\"https:\/\/www.glasfaser-internet.info\/fiber-news\/magentazuhause-xl-per-glasfaser\">Tarife XL<\/a> (250 MBit), <a href=\"https:\/\/www.glasfaser-internet.info\/anbieter\/telekom\/glasfaser-600.html\">GF 600<\/a> (<a href=\"https:\/\/www.glasfaser-internet.info\/tarife\/glasfaser500-600.html\" data-internallinksmanager029f6b8e52c=\"52\" title=\"alle Anbieter und Preise f\u00fcr Glasfaser mit 500-600 MBit\">600 MBit<\/a>) bzw. <a href=\"https:\/\/www.glasfaser-internet.info\/anbieter\/telekom\/glasfaser-1000.html\">Glasfaser 1000<\/a> (<a href=\"https:\/\/www.glasfaser-internet.info\/tarife\/glasfaser1000.html\" data-internallinksmanager029f6b8e52c=\"54\" title=\"Anbieter und Kosten f\u00fcr 1000 MBit\/s\">1 GBit<\/a>). Mit 100 MBit w\u00e4hlen Sie aber ein sehr gutes Preisleistungsverh\u00e4ltnis. G\u00fcnstiger ist nur der <a href=\"https:\/\/www.glasfaser-internet.info\/fiber-news\/magentazuhause-m-per-glasfaser\">Basis-Tarif Zuhause M<\/a>.<\/p>\n<h3>Wie viel kostet MagentaZuhause L?<\/h3>\n<p>Der Komplettpreis mit Surf- und Telefonflat liegt aktuell bei 48.95 \u20ac monatlich. Die Laufzeit liegt regul\u00e4r bei 24 Monaten \u2013 optional kann auch eine verk\u00fcrzte Version mit nur 1 Monat gew\u00e4hlt werden. Dann entfallen aber alle Rabatte. Neukunden die sich f\u00fcr den Laufzeittarif entscheiden, profitieren von  zahlreisen lohnenden Verg\u00fcnstigungen!<\/p>\n<p>&nbsp;<\/p>\n<div class=\"highlight2\">Aktion: Jetzt bis 31.05.2026 <a href=\"https:\/\/www.glasfaser-internet.info\/details\/TelekomVDSL\" rel=\"noopener nofollow\" target=\"_blank\">hier auf www.telekom.de\/magentazuhause<\/a> bestellen und in den ersten 3 Monaten je nur 9.95 \u20ac zahlen. Zudem winken bis 200 \u20ac Onlinevorteil + 200 \u20ac Cashback.<\/div>\n<h3>Ist das bei mir schon verf\u00fcgbar?<\/h3>\n<p>Der VDSL- sowie <a href=\"https:\/\/www.glasfaser-internet.info\/ausbau\/glasfaser-ausbau.html\" data-internallinksmanager029f6b8e52c=\"1\" title=\"alles zum aktuellen Stand des FTTH-Ausbaus\">Glasfaserausbau<\/a> ist hierzulande zweifelsfrei noch optimierbar, wird aber von Monat zu Monat besser. Ob es an Ihrer Wohnadresse schon MagentaZuhause L gibt, zeigt mit zwei Klicks <a href=\"https:\/\/www.glasfaser-internet.info\/details\/TelekomVerf\" rel=\"noopener nofollow\" target=\"_blank\"> hier ein Verf\u00fcgbarkeitscheck direkt bei der Telekom<\/a>. Vielleicht ist bei Ihnen sogar schon Glasfaser m\u00f6glich, was mehr Geschwindigkeit zum kleineren Preis bedeuten w\u00fcrde!<\/p>\n<h3>spezieller Router n\u00f6tig<\/h3>\n<div class=\"pic_r\"><img decoding=\"async\" src=\"https:\/\/www.glasfaser-internet.info\/fiber-news\/wp-content\/uploads\/2024\/07\/magentazuhause-vdsl100.webp\" alt=\"Unsere Wertung zu MagentaZuhause L \u00fcber VDSL\" width=\"220\" loading=\"lazy\"><\/div>\n<p>Wer sich f\u00fcr den Zugang entscheidet, ben\u00f6tigt auch speziell passende Hardware mit <a href=\"https:\/\/www.glasfaser-internet.info\/technik\/vdsl-vectoring.html\" data-internallinksmanager029f6b8e52c=\"3\" title=\"Was ist Vectoring?\">Vectoring<\/a>-f\u00e4higem Modem. Gl\u00fccklicher Weise bietet die Telekom f\u00fcr Interessenten schon ein leistungsstarkes, passendes Ger\u00e4t zur Miete \u2013 den Speedport Smart 4. Der Mietpreis betr\u00e4gt 6.95 \u20ac im Monat.<\/p>\n<h3>Bis 300 MBit\/s extra f\u00fcr geringen Aufpresi<\/h3>\n<p>Was viele nicht wissen &#8211; den 100 MBit Tarif kann man um bis zu 250 MBit\/s zus\u00e4tzlich beschleunigen. M\u00f6glich macht das die exklusiv von der Telekom angebotene <a href=\"https:\/\/www.glasfaser-internet.info\/alternativen\/hybrid-dsl.html\">Hybrid-Internet-Technik<\/a>. Dabei wird VDSL mit 5G (also Mobilfunk) kombiniert. An den Speedport 4 wird daf\u00fcr nur eine externe Antenne angeschlossen. Hybrid kann kostenlos zu MagentaZuhaus L gebucht werden. Nur die Antenne kostet zusammen mit dem Router im Paket 6.95 \u20ac im Monat.<\/p>\n<h3>Alternative M\u00f6glichkeiten<\/h3>\n<p>Falls der Anschluss bei Ihnen doch nicht verf\u00fcgbar ist oder andere Gr\u00fcnde gegen den Tarif sprechen, w\u00e4ren mitunter noch einige Ausweichm\u00f6glichkeiten buchbar. Die beste Verf\u00fcgbarkeitswahrscheinlichkeit weisen die Kabelanbieter auf. Vodafones Kabelnetz ist ebenfalls bundesweit ausgebaut und erm\u00f6glicht ebenfalls Tarife bis 1000 MBit\/s (<a href=\"https:\/\/www.glasfaser-internet.info\/kabel-internet\/vodafone.html\">\u00dcbersicht<\/a>). <a href=\"https:\/\/www.glasfaser-internet.info\/kabel-internet\/pyur.html\">PYUR<\/a>, der zweitgr\u00f6\u00dfte Kabelprovider, vermarktet Flats mit 1000 MBit schon f\u00fcr 35 \u20ac. Hier lohnt also durchaus ein Blick \u00fcber den Tellerrand! Erw\u00e4hnenswert w\u00e4ren noch die regionalen <a href=\"https:\/\/www.glasfaser-internet.info\/anbieter\/glasfaser-anbieter-uebersicht.html\" data-internallinksmanager029f6b8e52c=\"37\" title=\"Welche Glasfaser-Anbieter gibt es?\">Glasfaseranbieter<\/a>, wie <a href=\"https:\/\/www.glasfaser-internet.info\/anbieter\/deutsche-glasfaser.html\">DT-Glasfaser<\/a>, <a href=\"https:\/\/www.glasfaser-internet.info\/anbieter\/m-net-glasfaser.html\">M-net<\/a>, <a href=\"https:\/\/www.glasfaser-internet.info\/anbieter\/ewe-lwl.html\">EWE<\/a> oder <a href=\"https:\/\/www.glasfaser-internet.info\/anbieter\/netcologne.html\">Netcologne<\/a>. Sofern man in deren Einzugsgebiet wohnt, stehen die Chancen auf einen Zugang recht gut.<\/p>\n<h3>Weiterf\u00fchrendes<\/h3>\n<p>\u00bb <a href=\"https:\/\/www.glasfaser-internet.info\/vergleich\/vdsl-tarife.html\">VDSL Tarife vergleichen<\/a><br \/>\n\u00bb <a href=\"https:\/\/www.glasfaser-internet.info\/vergleich\/glasfaser-tarife.html\">Glasfaser-Tarife vergleichen<\/a><br \/>\n\u00bb <a href=\"https:\/\/www.glasfaser-internet.info\/fiber-news\/glasfaser-tarife-ohne-laufzeit\">Gibt es Glasfaser auch ohne Mindestlaufzeit?<\/a><\/p>\n<div style='text-align:center' class='yasr-auto-insert-visitor'><\/div>","protected":false},"excerpt":{"rendered":"<p>Breitband von der Telekom mit 100 MBit\/s &nbsp; &nbsp; Sofern regional von der Deutschen Telekom bereits Glasfaserleitungen bis zum Verteiler (FTTC) ausgebaut wurden, k\u00f6nnen die Internettarife auch als VDSL-Variante mit 50, 100 oder 250 MBit bestellt werden. Das gilt auch f\u00fcr das preiswerte Einstiegs-Komplettpaket \u201eMagentaZuhause L\u201c mit 100 MBit\/s. Wichtig ist hier, dass zudem die [&hellip;]<\/p>\n","protected":false},"author":1,"featured_media":0,"parent":0,"menu_order":0,"comment_status":"closed","ping_status":"closed","template":"","meta":{"yasr_overall_rating":0,"yasr_post_is_review":"yes","yasr_auto_insert_disabled":"","yasr_review_type":"CreativeWorkSeries","iawp_total_views":231,"footnotes":"","_wp_rev_ctl_limit":""},"class_list":["post-3598","page","type-page","status-publish","hentry"],"yasr_visitor_votes":{"stars_attributes":{"read_only":false,"span_bottom":false},"number_of_votes":0,"sum_votes":0},"_links":{"self":[{"href":"https:\/\/www.glasfaser-internet.info\/fiber-news\/wp-json\/wp\/v2\/pages\/3598","targetHints":{"allow":["GET"]}}],"collection":[{"href":"https:\/\/www.glasfaser-internet.info\/fiber-news\/wp-json\/wp\/v2\/pages"}],"about":[{"href":"https:\/\/www.glasfaser-internet.info\/fiber-news\/wp-json\/wp\/v2\/types\/page"}],"author":[{"embeddable":true,"href":"https:\/\/www.glasfaser-internet.info\/fiber-news\/wp-json\/wp\/v2\/users\/1"}],"replies":[{"embeddable":true,"href":"https:\/\/www.glasfaser-internet.info\/fiber-news\/wp-json\/wp\/v2\/comments?post=3598"}],"version-history":[{"count":4,"href":"https:\/\/www.glasfaser-internet.info\/fiber-news\/wp-json\/wp\/v2\/pages\/3598\/revisions"}],"predecessor-version":[{"id":8064,"href":"https:\/\/www.glasfaser-internet.info\/fiber-news\/wp-json\/wp\/v2\/pages\/3598\/revisions\/8064"}],"wp:attachment":[{"href":"https:\/\/www.glasfaser-internet.info\/fiber-news\/wp-json\/wp\/v2\/media?parent=3598"}],"curies":[{"name":"wp","href":"https:\/\/api.w.org\/{rel}","templated":true}]}}